{"id":2817,"date":"2025-08-12T09:54:27","date_gmt":"2025-08-12T09:54:27","guid":{"rendered":"https:\/\/bluerina.com\/?page_id=2817"},"modified":"2026-03-14T19:34:17","modified_gmt":"2026-03-14T19:34:17","slug":"surf-trips-retreats","status":"publish","type":"page","link":"https:\/\/bluerina.com\/de\/surf-trips-retreats\/","title":{"rendered":"Surf-Trips\/Retreats"},"content":{"rendered":"<div data-elementor-type=\"wp-page\" data-elementor-id=\"2817\" class=\"elementor elementor-2817\" data-elementor-post-type=\"page\">\n\t\t\t\t<div class=\"elementor-element elementor-element-b59c8f7 e-flex e-con-boxed e-con e-parent\" data-id=\"b59c8f7\" data-element_type=\"container\" data-settings=\"{&quot;background_background&quot;:&quot;classic&quot;}\">\n\t\t\t\t\t<div class=\"e-con-inner\">\n\t\t\t\t<div class=\"elementor-element elementor-element-724eb48 elementor-widget__width-initial elementor-widget-mobile__width-inherit elementor-widget elementor-widget-heading\" data-id=\"724eb48\" data-element_type=\"widget\" data-widget_type=\"heading.default\">\n\t\t\t\t\t<h2 class=\"elementor-heading-title elementor-size-default\">Surf-Trips\/Retreats<\/h2>\t\t\t\t<\/div>\n\t\t\t\t\t<\/div>\n\t\t\t\t<\/div>\n\t\t<div class=\"elementor-element elementor-element-09c5fc3 e-flex e-con-boxed e-con e-parent\" data-id=\"09c5fc3\" data-element_type=\"container\">\n\t\t\t\t\t<div class=\"e-con-inner\">\n\t\t<div class=\"elementor-element elementor-element-59f866c e-con-full e-flex e-con e-child\" data-id=\"59f866c\" data-element_type=\"container\">\n\t\t<div class=\"elementor-element elementor-element-54dadce e-con-full e-flex e-con e-child\" data-id=\"54dadce\" data-element_type=\"container\">\n\t\t\t\t<div class=\"elementor-element elementor-element-8735d0c elementor-widget elementor-widget-heading\" data-id=\"8735d0c\" data-element_type=\"widget\" data-widget_type=\"heading.default\">\n\t\t\t\t\t<h2 class=\"elementor-heading-title elementor-size-default\">Surf-Trips\/Retreats<\/h2>\t\t\t\t<\/div>\n\t\t\t\t<div class=\"elementor-element elementor-element-80e2701 elementor-widget__width-initial elementor-widget-mobile__width-inherit elementor-widget elementor-widget-heading\" data-id=\"80e2701\" data-element_type=\"widget\" data-widget_type=\"heading.default\">\n\t\t\t\t\t<h2 class=\"elementor-heading-title elementor-size-default\">Surf-Pakete f\u00fcr<span style=\"font-weight:400;font-style: italic\"> Jede Welle Sucher<\/span><\/h2>\t\t\t\t<\/div>\n\t\t\t\t<div class=\"elementor-element elementor-element-179463b elementor-widget__width-initial elementor-widget-mobile__width-inherit elementor-widget elementor-widget-text-editor\" data-id=\"179463b\" data-element_type=\"widget\" data-widget_type=\"text-editor.default\">\n\t\t\t\t\t\t\t\t\t<p>Von Coaching und gef\u00fchrten Reisen bis hin zu Yoga-Ausfl\u00fcgen und Familienurlauben,<br \/>bieten wir ma\u00dfgeschneiderte Surferlebnisse f\u00fcr jedes Niveau und jeden Lebensstil.<\/p>\t\t\t\t\t\t\t\t<\/div>\n\t\t\t\t<\/div>\n\t\t<div class=\"elementor-element elementor-element-f067b12 e-con-full e-flex e-con e-child\" data-id=\"f067b12\" data-element_type=\"container\">\n\t\t<div class=\"elementor-element elementor-element-fdb2423 e-con-full e-flex e-con e-child\" data-id=\"fdb2423\" data-element_type=\"container\" data-settings=\"{&quot;background_background&quot;:&quot;classic&quot;}\">\n\t\t<div class=\"elementor-element elementor-element-a14b719 e-con-full e-flex e-con e-child\" data-id=\"a14b719\" data-element_type=\"container\" data-settings=\"{&quot;background_background&quot;:&quot;classic&quot;}\">\n\t\t\t\t<\/div>\n\t\t<div class=\"elementor-element elementor-element-7d92a44 e-con-full e-flex e-con e-child\" data-id=\"7d92a44\" data-element_type=\"container\">\n\t\t\t\t<div class=\"elementor-element elementor-element-e28f367 elementor-widget elementor-widget-heading\" data-id=\"e28f367\" data-element_type=\"widget\" data-widget_type=\"heading.default\">\n\t\t\t\t\t<h2 class=\"elementor-heading-title elementor-size-default\">Surfen und Yoga - 7 Tage<\/h2>\t\t\t\t<\/div>\n\t\t\t\t<div class=\"elementor-element elementor-element-0a54ed2 elementor-widget__width-initial elementor-widget elementor-widget-text-editor\" data-id=\"0a54ed2\" data-element_type=\"widget\" data-widget_type=\"text-editor.default\">\n\t\t\t\t\t\t\t\t\t<p>Genie\u00dfen Sie eine unvergessliche Woche voller Balance, Energie und Abenteuer in Marokko. Unser Tamraght Surf Camp verbindet t\u00e4gliche Surfstunden mit verj\u00fcngenden Yoga-Sitzungen, um Ihren K\u00f6rper zu dehnen, zu st\u00e4rken und zu regenerieren. Zwischen den Sessions k\u00f6nnen Sie lokale Mahlzeiten genie\u00dfen, den Blick auf den Ozean schweifen lassen und den pulsierenden Geist von Surf Marokko erleben.<\/p>\t\t\t\t\t\t\t\t<\/div>\n\t\t\t\t<div class=\"elementor-element elementor-element-35ff41b elementor-align-center elementor-widget elementor-widget-button\" data-id=\"35ff41b\" data-element_type=\"widget\" data-widget_type=\"button.default\">\n\t\t\t\t\t\t\t\t\t\t<a class=\"elementor-button elementor-button-link elementor-size-sm\" href=\"https:\/\/bluerina.com\/de\/surf-and-yoga-7-days-in-tamraght\/\">\n\t\t\t\t\t\t<span class=\"elementor-button-content-wrapper\">\n\t\t\t\t\t\t\t\t\t<span class=\"elementor-button-text\">Jetzt buchen<\/span>\n\t\t\t\t\t<\/span>\n\t\t\t\t\t<\/a>\n\t\t\t\t\t\t\t\t<\/div>\n\t\t\t\t<\/div>\n\t\t\t\t<\/div>\n\t\t\t\t<\/div>\n\t\t\t\t<\/div>\n\t\t\t\t\t<\/div>\n\t\t\t\t<\/div>\n\t\t\t\t<\/div>","protected":false},"excerpt":{"rendered":"<p>Surf Trips \/ Retreats Surf Trips \/ Retreats Surf Packages for Every Wave Seeker From coaching and guided trips to yoga escapes and family holidays,we offer tailored surf experiences for every level and lifestyle. Surf and Yoga &#8211; 7 Days Enjoy an unforgettable week of balance, energy, and adventure in Morocco. Our Tamraght Surf Camp [&hellip;]<\/p>","protected":false},"author":1,"featured_media":0,"parent":0,"menu_order":0,"comment_status":"closed","ping_status":"closed","template":"elementor_header_footer","meta":{"footnotes":""},"class_list":["post-2817","page","type-page","status-publish","hentry"],"_links":{"self":[{"href":"https:\/\/bluerina.com\/de\/wp-json\/wp\/v2\/pages\/2817","targetHints":{"allow":["GET"]}}],"collection":[{"href":"https:\/\/bluerina.com\/de\/wp-json\/wp\/v2\/pages"}],"about":[{"href":"https:\/\/bluerina.com\/de\/wp-json\/wp\/v2\/types\/page"}],"author":[{"embeddable":true,"href":"https:\/\/bluerina.com\/de\/wp-json\/wp\/v2\/users\/1"}],"replies":[{"embeddable":true,"href":"https:\/\/bluerina.com\/de\/wp-json\/wp\/v2\/comments?post=2817"}],"version-history":[{"count":37,"href":"https:\/\/bluerina.com\/de\/wp-json\/wp\/v2\/pages\/2817\/revisions"}],"predecessor-version":[{"id":6847,"href":"https:\/\/bluerina.com\/de\/wp-json\/wp\/v2\/pages\/2817\/revisions\/6847"}],"wp:attachment":[{"href":"https:\/\/bluerina.com\/de\/wp-json\/wp\/v2\/media?parent=2817"}],"curies":[{"name":"wp","href":"https:\/\/api.w.org\/{rel}","templated":true}]}}