{"id":3187,"date":"2025-08-12T13:22:34","date_gmt":"2025-08-12T13:22:34","guid":{"rendered":"https:\/\/bluerina.com\/?page_id=3187"},"modified":"2025-09-18T10:38:12","modified_gmt":"2025-09-18T10:38:12","slug":"privacy-policy","status":"publish","type":"page","link":"https:\/\/bluerina.com\/de\/privacy-policy\/","title":{"rendered":"Datenschutzbestimmungen"},"content":{"rendered":"<div data-elementor-type=\"wp-page\" data-elementor-id=\"3187\" class=\"elementor elementor-3187\" data-elementor-post-type=\"page\">\n\t\t\t\t<div class=\"elementor-element elementor-element-b59c8f7 e-flex e-con-boxed e-con e-parent\" data-id=\"b59c8f7\" data-element_type=\"container\" data-settings=\"{&quot;background_background&quot;:&quot;classic&quot;}\">\n\t\t\t\t\t<div class=\"e-con-inner\">\n\t\t\t\t<div class=\"elementor-element elementor-element-724eb48 elementor-widget__width-initial elementor-widget-mobile__width-inherit elementor-widget elementor-widget-heading\" data-id=\"724eb48\" data-element_type=\"widget\" data-widget_type=\"heading.default\">\n\t\t\t\t\t<h2 class=\"elementor-heading-title elementor-size-default\">Datenschutzbestimmungen<\/h2>\t\t\t\t<\/div>\n\t\t\t\t\t<\/div>\n\t\t\t\t<\/div>\n\t\t<div class=\"elementor-element elementor-element-5fed5ec e-flex e-con-boxed e-con e-parent\" data-id=\"5fed5ec\" data-element_type=\"container\" data-settings=\"{&quot;background_background&quot;:&quot;classic&quot;}\">\n\t\t\t\t\t<div class=\"e-con-inner\">\n\t\t\t\t<div class=\"elementor-element elementor-element-2c1825b elementor-widget elementor-widget-heading\" data-id=\"2c1825b\" data-element_type=\"widget\" data-widget_type=\"heading.default\">\n\t\t\t\t\t<h2 class=\"elementor-heading-title elementor-size-default\">1. Informationen, die wir sammeln<\/h2>\t\t\t\t<\/div>\n\t\t\t\t<div class=\"elementor-element elementor-element-ec01bf9 elementor-widget__width-inherit elementor-widget elementor-widget-text-editor\" data-id=\"ec01bf9\" data-element_type=\"widget\" data-widget_type=\"text-editor.default\">\n\t\t\t\t\t\t\t\t\t<p data-start=\"356\" data-end=\"399\">Wir k\u00f6nnen die folgenden Informationen sammeln:<\/p><ul data-start=\"400\" data-end=\"684\"><li data-start=\"400\" data-end=\"501\"><p data-start=\"402\" data-end=\"501\">Pers\u00f6nliche Daten (Name, E-Mail-Adresse, Telefonnummer usw.), wenn Sie uns kontaktieren oder eine Buchung vornehmen.<\/p><\/li><li data-start=\"502\" data-end=\"566\"><p data-start=\"504\" data-end=\"566\">Zahlungsinformationen, wenn Sie einen Kauf oder eine Reservierung t\u00e4tigen.<\/p><\/li><li data-start=\"567\" data-end=\"684\"><p data-start=\"569\" data-end=\"684\">Technische Informationen (IP-Adresse, Browsertyp, Ger\u00e4t und Nutzungsdaten) durch Cookies oder \u00e4hnliche Technologien.<\/p><\/li><\/ul>\t\t\t\t\t\t\t\t<\/div>\n\t\t\t\t<div class=\"elementor-element elementor-element-c985abe elementor-widget elementor-widget-heading\" data-id=\"c985abe\" data-element_type=\"widget\" data-widget_type=\"heading.default\">\n\t\t\t\t\t<h2 class=\"elementor-heading-title elementor-size-default\">2. Wie wir Ihre Informationen verwenden\n<\/h2>\t\t\t\t<\/div>\n\t\t\t\t<div class=\"elementor-element elementor-element-c502c59 elementor-widget__width-inherit elementor-widget elementor-widget-text-editor\" data-id=\"c502c59\" data-element_type=\"widget\" data-widget_type=\"text-editor.default\">\n\t\t\t\t\t\t\t\t\t<p data-start=\"727\" data-end=\"756\">Wir verwenden Ihre Informationen, um:<\/p><ul data-start=\"757\" data-end=\"942\"><li data-start=\"757\" data-end=\"791\"><p data-start=\"759\" data-end=\"791\">Bearbeitung von Buchungen und Zahlungen.<\/p><\/li><li data-start=\"792\" data-end=\"855\"><p data-start=\"794\" data-end=\"855\">mit Ihnen \u00fcber Ihre Reservierungen und Anfragen kommunizieren.<\/p><\/li><li data-start=\"856\" data-end=\"893\"><p data-start=\"858\" data-end=\"893\">Verbesserung unserer Website und Dienstleistungen.<\/p><\/li><li data-start=\"894\" data-end=\"942\"><p data-start=\"896\" data-end=\"942\">Ihnen Werbe-E-Mails zu senden (wenn Sie sich daf\u00fcr entscheiden).<\/p><\/li><\/ul>\t\t\t\t\t\t\t\t<\/div>\n\t\t\t\t<div class=\"elementor-element elementor-element-8e114b6 elementor-widget elementor-widget-heading\" data-id=\"8e114b6\" data-element_type=\"widget\" data-widget_type=\"heading.default\">\n\t\t\t\t\t<h2 class=\"elementor-heading-title elementor-size-default\">3. Weitergabe von Informationen\n<\/h2>\t\t\t\t<\/div>\n\t\t\t\t<div class=\"elementor-element elementor-element-bf7a050 elementor-widget__width-inherit elementor-widget elementor-widget-text-editor\" data-id=\"bf7a050\" data-element_type=\"widget\" data-widget_type=\"text-editor.default\">\n\t\t\t\t\t\t\t\t\t<p data-start=\"980\" data-end=\"1068\">Wir verkaufen, vermieten oder handeln nicht mit Ihren pers\u00f6nlichen Daten. Wir k\u00f6nnen Ihre Informationen weitergeben an:<\/p><ul data-start=\"1069\" data-end=\"1173\"><li data-start=\"1069\" data-end=\"1131\"><p data-start=\"1071\" data-end=\"1131\">Vertrauensw\u00fcrdige Dienstleister zur Abwicklung von Buchungen oder Zahlungen.<\/p><\/li><li data-start=\"1132\" data-end=\"1173\"><p data-start=\"1134\" data-end=\"1173\">Juristische Beh\u00f6rden, wenn dies gesetzlich vorgeschrieben ist.<\/p><\/li><\/ul>\t\t\t\t\t\t\t\t<\/div>\n\t\t\t\t<div class=\"elementor-element elementor-element-06dd346 elementor-widget elementor-widget-heading\" data-id=\"06dd346\" data-element_type=\"widget\" data-widget_type=\"heading.default\">\n\t\t\t\t\t<h2 class=\"elementor-heading-title elementor-size-default\">4. Cookies\n<\/h2>\t\t\t\t<\/div>\n\t\t\t\t<div class=\"elementor-element elementor-element-d8ae06f elementor-widget__width-inherit elementor-widget elementor-widget-text-editor\" data-id=\"d8ae06f\" data-element_type=\"widget\" data-widget_type=\"text-editor.default\">\n\t\t\t\t\t\t\t\t\t<p data-start=\"1196\" data-end=\"1334\">Wir verwenden Cookies, um Ihr Surferlebnis zu verbessern und den Websiteverkehr zu analysieren. Sie k\u00f6nnen Cookies in den Einstellungen Ihres Browsers deaktivieren.<\/p>\t\t\t\t\t\t\t\t<\/div>\n\t\t\t\t<div class=\"elementor-element elementor-element-81e8db5 elementor-widget elementor-widget-heading\" data-id=\"81e8db5\" data-element_type=\"widget\" data-widget_type=\"heading.default\">\n\t\t\t\t\t<h2 class=\"elementor-heading-title elementor-size-default\">5. Datensicherheit\n<\/h2>\t\t\t\t<\/div>\n\t\t\t\t<div class=\"elementor-element elementor-element-5dc1491 elementor-widget__width-inherit elementor-widget elementor-widget-text-editor\" data-id=\"5dc1491\" data-element_type=\"widget\" data-widget_type=\"text-editor.default\">\n\t\t\t\t\t\t\t\t\t<p data-start=\"1363\" data-end=\"1500\">Wir setzen geeignete technische und organisatorische Ma\u00dfnahmen ein, um Ihre personenbezogenen Daten vor unbefugtem Zugriff, Verlust oder Missbrauch zu sch\u00fctzen.<\/p>\t\t\t\t\t\t\t\t<\/div>\n\t\t\t\t<div class=\"elementor-element elementor-element-60e51c7 elementor-widget elementor-widget-heading\" data-id=\"60e51c7\" data-element_type=\"widget\" data-widget_type=\"heading.default\">\n\t\t\t\t\t<h2 class=\"elementor-heading-title elementor-size-default\">6. Deine Rechte\n<\/h2>\t\t\t\t<\/div>\n\t\t\t\t<div class=\"elementor-element elementor-element-b7317d5 elementor-widget__width-inherit elementor-widget elementor-widget-text-editor\" data-id=\"b7317d5\" data-element_type=\"widget\" data-widget_type=\"text-editor.default\">\n\t\t\t\t\t\t\t\t\t<p data-start=\"1527\" data-end=\"1551\">Sie haben das Recht dazu:<\/p><ul data-start=\"1552\" data-end=\"1730\"><li data-start=\"1552\" data-end=\"1608\"><p data-start=\"1554\" data-end=\"1608\">auf Ihre pers\u00f6nlichen Daten zuzugreifen, sie zu aktualisieren oder zu l\u00f6schen.<\/p><\/li><li data-start=\"1609\" data-end=\"1671\"><p data-start=\"1611\" data-end=\"1671\">Sie k\u00f6nnen Ihre Zustimmung zu Marketingmitteilungen jederzeit widerrufen.<\/p><\/li><li data-start=\"1672\" data-end=\"1730\"><p data-start=\"1674\" data-end=\"1730\">Sie k\u00f6nnen eine Kopie der personenbezogenen Daten anfordern, die wir \u00fcber Sie gespeichert haben.<\/p><\/li><\/ul>\t\t\t\t\t\t\t\t<\/div>\n\t\t\t\t<div class=\"elementor-element elementor-element-3ad6e30 elementor-widget elementor-widget-heading\" data-id=\"3ad6e30\" data-element_type=\"widget\" data-widget_type=\"heading.default\">\n\t\t\t\t\t<h2 class=\"elementor-heading-title elementor-size-default\">7. Links von Drittanbietern\n<\/h2>\t\t\t\t<\/div>\n\t\t\t\t<div class=\"elementor-element elementor-element-accb151 elementor-widget__width-inherit elementor-widget elementor-widget-text-editor\" data-id=\"accb151\" data-element_type=\"widget\" data-widget_type=\"text-editor.default\">\n\t\t\t\t\t\t\t\t\t<p data-start=\"1763\" data-end=\"1879\">Unsere Website kann Links zu Websites Dritter enthalten. Wir sind nicht verantwortlich f\u00fcr deren Datenschutzpraktiken oder Inhalte.<\/p>\t\t\t\t\t\t\t\t<\/div>\n\t\t\t\t<div class=\"elementor-element elementor-element-6e343ab elementor-widget elementor-widget-heading\" data-id=\"6e343ab\" data-element_type=\"widget\" data-widget_type=\"heading.default\">\n\t\t\t\t\t<h2 class=\"elementor-heading-title elementor-size-default\">8. Aktualisierungen dieser Richtlinie\n<\/h2>\t\t\t\t<\/div>\n\t\t\t\t<div class=\"elementor-element elementor-element-21fecdd elementor-widget__width-inherit elementor-widget elementor-widget-text-editor\" data-id=\"21fecdd\" data-element_type=\"widget\" data-widget_type=\"text-editor.default\">\n\t\t\t\t\t\t\t\t\t<p data-start=\"1917\" data-end=\"2034\">Wir k\u00f6nnen diese Datenschutzrichtlinie von Zeit zu Zeit aktualisieren. Alle \u00c4nderungen werden auf dieser Seite mit dem aktualisierten Datum ver\u00f6ffentlicht.<\/p>\t\t\t\t\t\t\t\t<\/div>\n\t\t\t\t\t<\/div>\n\t\t\t\t<\/div>\n\t\t\t\t<\/div>","protected":false},"excerpt":{"rendered":"<p>Privacy Policy 1. Information We Collect We may collect the following information: Personal details (name, email address, phone number, etc.) when you contact us or make a booking. Payment information when you make a purchase or reservation. Technical information (IP address, browser type, device, and usage data) through cookies or similar technologies. 2. How We [&hellip;]<\/p>","protected":false},"author":1,"featured_media":0,"parent":0,"menu_order":0,"comment_status":"closed","ping_status":"closed","template":"elementor_header_footer","meta":{"footnotes":""},"class_list":["post-3187","page","type-page","status-publish","hentry"],"_links":{"self":[{"href":"https:\/\/bluerina.com\/de\/wp-json\/wp\/v2\/pages\/3187","targetHints":{"allow":["GET"]}}],"collection":[{"href":"https:\/\/bluerina.com\/de\/wp-json\/wp\/v2\/pages"}],"about":[{"href":"https:\/\/bluerina.com\/de\/wp-json\/wp\/v2\/types\/page"}],"author":[{"embeddable":true,"href":"https:\/\/bluerina.com\/de\/wp-json\/wp\/v2\/users\/1"}],"replies":[{"embeddable":true,"href":"https:\/\/bluerina.com\/de\/wp-json\/wp\/v2\/comments?post=3187"}],"version-history":[{"count":1,"href":"https:\/\/bluerina.com\/de\/wp-json\/wp\/v2\/pages\/3187\/revisions"}],"predecessor-version":[{"id":6434,"href":"https:\/\/bluerina.com\/de\/wp-json\/wp\/v2\/pages\/3187\/revisions\/6434"}],"wp:attachment":[{"href":"https:\/\/bluerina.com\/de\/wp-json\/wp\/v2\/media?parent=3187"}],"curies":[{"name":"wp","href":"https:\/\/api.w.org\/{rel}","templated":true}]}}