{"id":3187,"date":"2025-08-12T13:22:34","date_gmt":"2025-08-12T13:22:34","guid":{"rendered":"https:\/\/bluerina.com\/?page_id=3187"},"modified":"2025-09-18T10:38:12","modified_gmt":"2025-09-18T10:38:12","slug":"privacy-policy","status":"publish","type":"page","link":"https:\/\/bluerina.com\/es\/privacy-policy\/","title":{"rendered":"Pol\u00edtica de privacidad"},"content":{"rendered":"<div data-elementor-type=\"wp-page\" data-elementor-id=\"3187\" class=\"elementor elementor-3187\" data-elementor-post-type=\"page\">\n\t\t\t\t<div class=\"elementor-element elementor-element-b59c8f7 e-flex e-con-boxed e-con e-parent\" data-id=\"b59c8f7\" data-element_type=\"container\" data-settings=\"{&quot;background_background&quot;:&quot;classic&quot;}\">\n\t\t\t\t\t<div class=\"e-con-inner\">\n\t\t\t\t<div class=\"elementor-element elementor-element-724eb48 elementor-widget__width-initial elementor-widget-mobile__width-inherit elementor-widget elementor-widget-heading\" data-id=\"724eb48\" data-element_type=\"widget\" data-widget_type=\"heading.default\">\n\t\t\t\t\t<h2 class=\"elementor-heading-title elementor-size-default\">Pol\u00edtica de privacidad<\/h2>\t\t\t\t<\/div>\n\t\t\t\t\t<\/div>\n\t\t\t\t<\/div>\n\t\t<div class=\"elementor-element elementor-element-5fed5ec e-flex e-con-boxed e-con e-parent\" data-id=\"5fed5ec\" data-element_type=\"container\" data-settings=\"{&quot;background_background&quot;:&quot;classic&quot;}\">\n\t\t\t\t\t<div class=\"e-con-inner\">\n\t\t\t\t<div class=\"elementor-element elementor-element-2c1825b elementor-widget elementor-widget-heading\" data-id=\"2c1825b\" data-element_type=\"widget\" data-widget_type=\"heading.default\">\n\t\t\t\t\t<h2 class=\"elementor-heading-title elementor-size-default\">1. Informaci\u00f3n que recopilamos<\/h2>\t\t\t\t<\/div>\n\t\t\t\t<div class=\"elementor-element elementor-element-ec01bf9 elementor-widget__width-inherit elementor-widget elementor-widget-text-editor\" data-id=\"ec01bf9\" data-element_type=\"widget\" data-widget_type=\"text-editor.default\">\n\t\t\t\t\t\t\t\t\t<p data-start=\"356\" data-end=\"399\">Podemos recopilar la siguiente informaci\u00f3n:<\/p><ul data-start=\"400\" data-end=\"684\"><li data-start=\"400\" data-end=\"501\"><p data-start=\"402\" data-end=\"501\">Datos personales (nombre, direcci\u00f3n de correo electr\u00f3nico, n\u00famero de tel\u00e9fono, etc.) cuando se pone en contacto con nosotros o hace una reserva.<\/p><\/li><li data-start=\"502\" data-end=\"566\"><p data-start=\"504\" data-end=\"566\">Informaci\u00f3n de pago cuando realice una compra o reserva.<\/p><\/li><li data-start=\"567\" data-end=\"684\"><p data-start=\"569\" data-end=\"684\">Informaci\u00f3n t\u00e9cnica (direcci\u00f3n IP, tipo de navegador, dispositivo y datos de uso) a trav\u00e9s de cookies o tecnolog\u00edas similares.<\/p><\/li><\/ul>\t\t\t\t\t\t\t\t<\/div>\n\t\t\t\t<div class=\"elementor-element elementor-element-c985abe elementor-widget elementor-widget-heading\" data-id=\"c985abe\" data-element_type=\"widget\" data-widget_type=\"heading.default\">\n\t\t\t\t\t<h2 class=\"elementor-heading-title elementor-size-default\">2. C\u00f3mo utilizamos su informaci\u00f3n\n<\/h2>\t\t\t\t<\/div>\n\t\t\t\t<div class=\"elementor-element elementor-element-c502c59 elementor-widget__width-inherit elementor-widget elementor-widget-text-editor\" data-id=\"c502c59\" data-element_type=\"widget\" data-widget_type=\"text-editor.default\">\n\t\t\t\t\t\t\t\t\t<p data-start=\"727\" data-end=\"756\">Utilizamos su informaci\u00f3n para:<\/p><ul data-start=\"757\" data-end=\"942\"><li data-start=\"757\" data-end=\"791\"><p data-start=\"759\" data-end=\"791\">Procesar las reservas y los pagos.<\/p><\/li><li data-start=\"792\" data-end=\"855\"><p data-start=\"794\" data-end=\"855\">Comunicarnos con usted en relaci\u00f3n con sus reservas y consultas.<\/p><\/li><li data-start=\"856\" data-end=\"893\"><p data-start=\"858\" data-end=\"893\">Mejorar nuestro sitio web y nuestros servicios.<\/p><\/li><li data-start=\"894\" data-end=\"942\"><p data-start=\"896\" data-end=\"942\">Enviarle correos electr\u00f3nicos promocionales (si opta por ello).<\/p><\/li><\/ul>\t\t\t\t\t\t\t\t<\/div>\n\t\t\t\t<div class=\"elementor-element elementor-element-8e114b6 elementor-widget elementor-widget-heading\" data-id=\"8e114b6\" data-element_type=\"widget\" data-widget_type=\"heading.default\">\n\t\t\t\t\t<h2 class=\"elementor-heading-title elementor-size-default\">3. 3. Intercambio de informaci\u00f3n\n<\/h2>\t\t\t\t<\/div>\n\t\t\t\t<div class=\"elementor-element elementor-element-bf7a050 elementor-widget__width-inherit elementor-widget elementor-widget-text-editor\" data-id=\"bf7a050\" data-element_type=\"widget\" data-widget_type=\"text-editor.default\">\n\t\t\t\t\t\t\t\t\t<p data-start=\"980\" data-end=\"1068\">No vendemos, alquilamos ni intercambiamos sus datos personales. Podemos compartir su informaci\u00f3n con:<\/p><ul data-start=\"1069\" data-end=\"1173\"><li data-start=\"1069\" data-end=\"1131\"><p data-start=\"1071\" data-end=\"1131\">Proveedores de servicios de confianza para procesar reservas o pagos.<\/p><\/li><li data-start=\"1132\" data-end=\"1173\"><p data-start=\"1134\" data-end=\"1173\">Autoridades judiciales si as\u00ed lo exige la ley.<\/p><\/li><\/ul>\t\t\t\t\t\t\t\t<\/div>\n\t\t\t\t<div class=\"elementor-element elementor-element-06dd346 elementor-widget elementor-widget-heading\" data-id=\"06dd346\" data-element_type=\"widget\" data-widget_type=\"heading.default\">\n\t\t\t\t\t<h2 class=\"elementor-heading-title elementor-size-default\">4. Cookies\n<\/h2>\t\t\t\t<\/div>\n\t\t\t\t<div class=\"elementor-element elementor-element-d8ae06f elementor-widget__width-inherit elementor-widget elementor-widget-text-editor\" data-id=\"d8ae06f\" data-element_type=\"widget\" data-widget_type=\"text-editor.default\">\n\t\t\t\t\t\t\t\t\t<p data-start=\"1196\" data-end=\"1334\">Utilizamos cookies para mejorar su experiencia de navegaci\u00f3n y analizar el tr\u00e1fico del sitio. Puede desactivar las cookies en la configuraci\u00f3n de su navegador.<\/p>\t\t\t\t\t\t\t\t<\/div>\n\t\t\t\t<div class=\"elementor-element elementor-element-81e8db5 elementor-widget elementor-widget-heading\" data-id=\"81e8db5\" data-element_type=\"widget\" data-widget_type=\"heading.default\">\n\t\t\t\t\t<h2 class=\"elementor-heading-title elementor-size-default\">5. 5. Seguridad de los datos\n<\/h2>\t\t\t\t<\/div>\n\t\t\t\t<div class=\"elementor-element elementor-element-5dc1491 elementor-widget__width-inherit elementor-widget elementor-widget-text-editor\" data-id=\"5dc1491\" data-element_type=\"widget\" data-widget_type=\"text-editor.default\">\n\t\t\t\t\t\t\t\t\t<p data-start=\"1363\" data-end=\"1500\">Aplicamos las medidas t\u00e9cnicas y organizativas adecuadas para proteger sus datos personales contra el acceso no autorizado, la p\u00e9rdida o el uso indebido.<\/p>\t\t\t\t\t\t\t\t<\/div>\n\t\t\t\t<div class=\"elementor-element elementor-element-60e51c7 elementor-widget elementor-widget-heading\" data-id=\"60e51c7\" data-element_type=\"widget\" data-widget_type=\"heading.default\">\n\t\t\t\t\t<h2 class=\"elementor-heading-title elementor-size-default\">6. Sus derechos\n<\/h2>\t\t\t\t<\/div>\n\t\t\t\t<div class=\"elementor-element elementor-element-b7317d5 elementor-widget__width-inherit elementor-widget elementor-widget-text-editor\" data-id=\"b7317d5\" data-element_type=\"widget\" data-widget_type=\"text-editor.default\">\n\t\t\t\t\t\t\t\t\t<p data-start=\"1527\" data-end=\"1551\">Tienes derecho a:<\/p><ul data-start=\"1552\" data-end=\"1730\"><li data-start=\"1552\" data-end=\"1608\"><p data-start=\"1554\" data-end=\"1608\">Acceder a su informaci\u00f3n personal, actualizarla o eliminarla.<\/p><\/li><li data-start=\"1609\" data-end=\"1671\"><p data-start=\"1611\" data-end=\"1671\">Retirar el consentimiento para recibir comunicaciones comerciales en cualquier momento.<\/p><\/li><li data-start=\"1672\" data-end=\"1730\"><p data-start=\"1674\" data-end=\"1730\">Solicitar una copia de los datos personales que tenemos sobre usted.<\/p><\/li><\/ul>\t\t\t\t\t\t\t\t<\/div>\n\t\t\t\t<div class=\"elementor-element elementor-element-3ad6e30 elementor-widget elementor-widget-heading\" data-id=\"3ad6e30\" data-element_type=\"widget\" data-widget_type=\"heading.default\">\n\t\t\t\t\t<h2 class=\"elementor-heading-title elementor-size-default\">7. Enlaces de terceros\n<\/h2>\t\t\t\t<\/div>\n\t\t\t\t<div class=\"elementor-element elementor-element-accb151 elementor-widget__width-inherit elementor-widget elementor-widget-text-editor\" data-id=\"accb151\" data-element_type=\"widget\" data-widget_type=\"text-editor.default\">\n\t\t\t\t\t\t\t\t\t<p data-start=\"1763\" data-end=\"1879\">Nuestro sitio puede contener enlaces a sitios web de terceros. No somos responsables de sus pr\u00e1cticas de privacidad o contenido.<\/p>\t\t\t\t\t\t\t\t<\/div>\n\t\t\t\t<div class=\"elementor-element elementor-element-6e343ab elementor-widget elementor-widget-heading\" data-id=\"6e343ab\" data-element_type=\"widget\" data-widget_type=\"heading.default\">\n\t\t\t\t\t<h2 class=\"elementor-heading-title elementor-size-default\">8. Actualizaciones de esta pol\u00edtica\n<\/h2>\t\t\t\t<\/div>\n\t\t\t\t<div class=\"elementor-element elementor-element-21fecdd elementor-widget__width-inherit elementor-widget elementor-widget-text-editor\" data-id=\"21fecdd\" data-element_type=\"widget\" data-widget_type=\"text-editor.default\">\n\t\t\t\t\t\t\t\t\t<p data-start=\"1917\" data-end=\"2034\">Podemos actualizar esta Pol\u00edtica de Privacidad de vez en cuando. Cualquier cambio se publicar\u00e1 en esta p\u00e1gina con la fecha actualizada.<\/p>\t\t\t\t\t\t\t\t<\/div>\n\t\t\t\t\t<\/div>\n\t\t\t\t<\/div>\n\t\t\t\t<\/div>","protected":false},"excerpt":{"rendered":"<p>Privacy Policy 1. Information We Collect We may collect the following information: Personal details (name, email address, phone number, etc.) when you contact us or make a booking. Payment information when you make a purchase or reservation. Technical information (IP address, browser type, device, and usage data) through cookies or similar technologies. 2. How We [&hellip;]<\/p>","protected":false},"author":1,"featured_media":0,"parent":0,"menu_order":0,"comment_status":"closed","ping_status":"closed","template":"elementor_header_footer","meta":{"footnotes":""},"class_list":["post-3187","page","type-page","status-publish","hentry"],"_links":{"self":[{"href":"https:\/\/bluerina.com\/es\/wp-json\/wp\/v2\/pages\/3187","targetHints":{"allow":["GET"]}}],"collection":[{"href":"https:\/\/bluerina.com\/es\/wp-json\/wp\/v2\/pages"}],"about":[{"href":"https:\/\/bluerina.com\/es\/wp-json\/wp\/v2\/types\/page"}],"author":[{"embeddable":true,"href":"https:\/\/bluerina.com\/es\/wp-json\/wp\/v2\/users\/1"}],"replies":[{"embeddable":true,"href":"https:\/\/bluerina.com\/es\/wp-json\/wp\/v2\/comments?post=3187"}],"version-history":[{"count":1,"href":"https:\/\/bluerina.com\/es\/wp-json\/wp\/v2\/pages\/3187\/revisions"}],"predecessor-version":[{"id":6434,"href":"https:\/\/bluerina.com\/es\/wp-json\/wp\/v2\/pages\/3187\/revisions\/6434"}],"wp:attachment":[{"href":"https:\/\/bluerina.com\/es\/wp-json\/wp\/v2\/media?parent=3187"}],"curies":[{"name":"wp","href":"https:\/\/api.w.org\/{rel}","templated":true}]}}