{"id":3187,"date":"2025-08-12T13:22:34","date_gmt":"2025-08-12T13:22:34","guid":{"rendered":"https:\/\/bluerina.com\/?page_id=3187"},"modified":"2025-09-18T10:38:12","modified_gmt":"2025-09-18T10:38:12","slug":"privacy-policy","status":"publish","type":"page","link":"https:\/\/bluerina.com\/fr\/privacy-policy\/","title":{"rendered":"Politique de confidentialit\u00e9"},"content":{"rendered":"<div data-elementor-type=\"wp-page\" data-elementor-id=\"3187\" class=\"elementor elementor-3187\" data-elementor-post-type=\"page\">\n\t\t\t\t<div class=\"elementor-element elementor-element-b59c8f7 e-flex e-con-boxed e-con e-parent\" data-id=\"b59c8f7\" data-element_type=\"container\" data-settings=\"{&quot;background_background&quot;:&quot;classic&quot;}\">\n\t\t\t\t\t<div class=\"e-con-inner\">\n\t\t\t\t<div class=\"elementor-element elementor-element-724eb48 elementor-widget__width-initial elementor-widget-mobile__width-inherit elementor-widget elementor-widget-heading\" data-id=\"724eb48\" data-element_type=\"widget\" data-widget_type=\"heading.default\">\n\t\t\t\t\t<h2 class=\"elementor-heading-title elementor-size-default\">Politique de confidentialit\u00e9<\/h2>\t\t\t\t<\/div>\n\t\t\t\t\t<\/div>\n\t\t\t\t<\/div>\n\t\t<div class=\"elementor-element elementor-element-5fed5ec e-flex e-con-boxed e-con e-parent\" data-id=\"5fed5ec\" data-element_type=\"container\" data-settings=\"{&quot;background_background&quot;:&quot;classic&quot;}\">\n\t\t\t\t\t<div class=\"e-con-inner\">\n\t\t\t\t<div class=\"elementor-element elementor-element-2c1825b elementor-widget elementor-widget-heading\" data-id=\"2c1825b\" data-element_type=\"widget\" data-widget_type=\"heading.default\">\n\t\t\t\t\t<h2 class=\"elementor-heading-title elementor-size-default\">1. Les informations que nous collectons<\/h2>\t\t\t\t<\/div>\n\t\t\t\t<div class=\"elementor-element elementor-element-ec01bf9 elementor-widget__width-inherit elementor-widget elementor-widget-text-editor\" data-id=\"ec01bf9\" data-element_type=\"widget\" data-widget_type=\"text-editor.default\">\n\t\t\t\t\t\t\t\t\t<p data-start=\"356\" data-end=\"399\">Nous pouvons recueillir les informations suivantes :<\/p><ul data-start=\"400\" data-end=\"684\"><li data-start=\"400\" data-end=\"501\"><p data-start=\"402\" data-end=\"501\">Donn\u00e9es personnelles (nom, adresse \u00e9lectronique, num\u00e9ro de t\u00e9l\u00e9phone, etc.) lorsque vous nous contactez ou effectuez une r\u00e9servation.<\/p><\/li><li data-start=\"502\" data-end=\"566\"><p data-start=\"504\" data-end=\"566\">Les informations relatives au paiement lorsque vous effectuez un achat ou une r\u00e9servation.<\/p><\/li><li data-start=\"567\" data-end=\"684\"><p data-start=\"569\" data-end=\"684\">Informations techniques (adresse IP, type de navigateur, appareil et donn\u00e9es d'utilisation) par le biais de cookies ou de technologies similaires.<\/p><\/li><\/ul>\t\t\t\t\t\t\t\t<\/div>\n\t\t\t\t<div class=\"elementor-element elementor-element-c985abe elementor-widget elementor-widget-heading\" data-id=\"c985abe\" data-element_type=\"widget\" data-widget_type=\"heading.default\">\n\t\t\t\t\t<h2 class=\"elementor-heading-title elementor-size-default\">2. Comment nous utilisons vos informations\n<\/h2>\t\t\t\t<\/div>\n\t\t\t\t<div class=\"elementor-element elementor-element-c502c59 elementor-widget__width-inherit elementor-widget elementor-widget-text-editor\" data-id=\"c502c59\" data-element_type=\"widget\" data-widget_type=\"text-editor.default\">\n\t\t\t\t\t\t\t\t\t<p data-start=\"727\" data-end=\"756\">Nous utilisons vos informations pour :<\/p><ul data-start=\"757\" data-end=\"942\"><li data-start=\"757\" data-end=\"791\"><p data-start=\"759\" data-end=\"791\">Traiter les r\u00e9servations et les paiements.<\/p><\/li><li data-start=\"792\" data-end=\"855\"><p data-start=\"794\" data-end=\"855\">Communiquer avec vous au sujet de vos r\u00e9servations et de vos demandes.<\/p><\/li><li data-start=\"856\" data-end=\"893\"><p data-start=\"858\" data-end=\"893\">Am\u00e9liorer notre site web et nos services.<\/p><\/li><li data-start=\"894\" data-end=\"942\"><p data-start=\"896\" data-end=\"942\">vous envoyer des courriels promotionnels (si vous y participez).<\/p><\/li><\/ul>\t\t\t\t\t\t\t\t<\/div>\n\t\t\t\t<div class=\"elementor-element elementor-element-8e114b6 elementor-widget elementor-widget-heading\" data-id=\"8e114b6\" data-element_type=\"widget\" data-widget_type=\"heading.default\">\n\t\t\t\t\t<h2 class=\"elementor-heading-title elementor-size-default\">3. Partage d'informations\n<\/h2>\t\t\t\t<\/div>\n\t\t\t\t<div class=\"elementor-element elementor-element-bf7a050 elementor-widget__width-inherit elementor-widget elementor-widget-text-editor\" data-id=\"bf7a050\" data-element_type=\"widget\" data-widget_type=\"text-editor.default\">\n\t\t\t\t\t\t\t\t\t<p data-start=\"980\" data-end=\"1068\">Nous ne vendons pas, ne louons pas et n'\u00e9changeons pas vos donn\u00e9es personnelles. Nous pouvons partager vos informations avec<\/p><ul data-start=\"1069\" data-end=\"1173\"><li data-start=\"1069\" data-end=\"1131\"><p data-start=\"1071\" data-end=\"1131\">Des prestataires de services de confiance pour traiter les r\u00e9servations ou les paiements.<\/p><\/li><li data-start=\"1132\" data-end=\"1173\"><p data-start=\"1134\" data-end=\"1173\">les autorit\u00e9s judiciaires si la loi l'exige.<\/p><\/li><\/ul>\t\t\t\t\t\t\t\t<\/div>\n\t\t\t\t<div class=\"elementor-element elementor-element-06dd346 elementor-widget elementor-widget-heading\" data-id=\"06dd346\" data-element_type=\"widget\" data-widget_type=\"heading.default\">\n\t\t\t\t\t<h2 class=\"elementor-heading-title elementor-size-default\">4. Cookies\n<\/h2>\t\t\t\t<\/div>\n\t\t\t\t<div class=\"elementor-element elementor-element-d8ae06f elementor-widget__width-inherit elementor-widget elementor-widget-text-editor\" data-id=\"d8ae06f\" data-element_type=\"widget\" data-widget_type=\"text-editor.default\">\n\t\t\t\t\t\t\t\t\t<p data-start=\"1196\" data-end=\"1334\">Nous utilisons des cookies pour am\u00e9liorer votre exp\u00e9rience de navigation et analyser le trafic sur le site. Vous pouvez choisir de d\u00e9sactiver les cookies dans les param\u00e8tres de votre navigateur.<\/p>\t\t\t\t\t\t\t\t<\/div>\n\t\t\t\t<div class=\"elementor-element elementor-element-81e8db5 elementor-widget elementor-widget-heading\" data-id=\"81e8db5\" data-element_type=\"widget\" data-widget_type=\"heading.default\">\n\t\t\t\t\t<h2 class=\"elementor-heading-title elementor-size-default\">5. S\u00e9curit\u00e9 des donn\u00e9es\n<\/h2>\t\t\t\t<\/div>\n\t\t\t\t<div class=\"elementor-element elementor-element-5dc1491 elementor-widget__width-inherit elementor-widget elementor-widget-text-editor\" data-id=\"5dc1491\" data-element_type=\"widget\" data-widget_type=\"text-editor.default\">\n\t\t\t\t\t\t\t\t\t<p data-start=\"1363\" data-end=\"1500\">Nous mettons en \u0153uvre des mesures techniques et organisationnelles appropri\u00e9es pour prot\u00e9ger vos donn\u00e9es personnelles contre l'acc\u00e8s non autoris\u00e9, la perte ou l'utilisation abusive.<\/p>\t\t\t\t\t\t\t\t<\/div>\n\t\t\t\t<div class=\"elementor-element elementor-element-60e51c7 elementor-widget elementor-widget-heading\" data-id=\"60e51c7\" data-element_type=\"widget\" data-widget_type=\"heading.default\">\n\t\t\t\t\t<h2 class=\"elementor-heading-title elementor-size-default\">6. Vos droits\n<\/h2>\t\t\t\t<\/div>\n\t\t\t\t<div class=\"elementor-element elementor-element-b7317d5 elementor-widget__width-inherit elementor-widget elementor-widget-text-editor\" data-id=\"b7317d5\" data-element_type=\"widget\" data-widget_type=\"text-editor.default\">\n\t\t\t\t\t\t\t\t\t<p data-start=\"1527\" data-end=\"1551\">Vous avez le droit de :<\/p><ul data-start=\"1552\" data-end=\"1730\"><li data-start=\"1552\" data-end=\"1608\"><p data-start=\"1554\" data-end=\"1608\">Acc\u00e9der, mettre \u00e0 jour ou supprimer vos informations personnelles.<\/p><\/li><li data-start=\"1609\" data-end=\"1671\"><p data-start=\"1611\" data-end=\"1671\">Retirer \u00e0 tout moment son consentement \u00e0 recevoir des communications marketing.<\/p><\/li><li data-start=\"1672\" data-end=\"1730\"><p data-start=\"1674\" data-end=\"1730\">Demander une copie des donn\u00e9es personnelles que nous d\u00e9tenons \u00e0 votre sujet.<\/p><\/li><\/ul>\t\t\t\t\t\t\t\t<\/div>\n\t\t\t\t<div class=\"elementor-element elementor-element-3ad6e30 elementor-widget elementor-widget-heading\" data-id=\"3ad6e30\" data-element_type=\"widget\" data-widget_type=\"heading.default\">\n\t\t\t\t\t<h2 class=\"elementor-heading-title elementor-size-default\">7. Liens avec des tiers\n<\/h2>\t\t\t\t<\/div>\n\t\t\t\t<div class=\"elementor-element elementor-element-accb151 elementor-widget__width-inherit elementor-widget elementor-widget-text-editor\" data-id=\"accb151\" data-element_type=\"widget\" data-widget_type=\"text-editor.default\">\n\t\t\t\t\t\t\t\t\t<p data-start=\"1763\" data-end=\"1879\">Notre site peut contenir des liens vers des sites web de tiers. Nous ne sommes pas responsables de leurs pratiques en mati\u00e8re de protection de la vie priv\u00e9e ou de leur contenu.<\/p>\t\t\t\t\t\t\t\t<\/div>\n\t\t\t\t<div class=\"elementor-element elementor-element-6e343ab elementor-widget elementor-widget-heading\" data-id=\"6e343ab\" data-element_type=\"widget\" data-widget_type=\"heading.default\">\n\t\t\t\t\t<h2 class=\"elementor-heading-title elementor-size-default\">8. Mises \u00e0 jour de la pr\u00e9sente politique\n<\/h2>\t\t\t\t<\/div>\n\t\t\t\t<div class=\"elementor-element elementor-element-21fecdd elementor-widget__width-inherit elementor-widget elementor-widget-text-editor\" data-id=\"21fecdd\" data-element_type=\"widget\" data-widget_type=\"text-editor.default\">\n\t\t\t\t\t\t\t\t\t<p data-start=\"1917\" data-end=\"2034\">Nous pouvons mettre \u00e0 jour la pr\u00e9sente politique de confidentialit\u00e9 de temps \u00e0 autre. Toute modification sera publi\u00e9e sur cette page avec la date de mise \u00e0 jour.<\/p>\t\t\t\t\t\t\t\t<\/div>\n\t\t\t\t\t<\/div>\n\t\t\t\t<\/div>\n\t\t\t\t<\/div>","protected":false},"excerpt":{"rendered":"<p>Privacy Policy 1. Information We Collect We may collect the following information: Personal details (name, email address, phone number, etc.) when you contact us or make a booking. Payment information when you make a purchase or reservation. Technical information (IP address, browser type, device, and usage data) through cookies or similar technologies. 2. How We [&hellip;]<\/p>","protected":false},"author":1,"featured_media":0,"parent":0,"menu_order":0,"comment_status":"closed","ping_status":"closed","template":"elementor_header_footer","meta":{"footnotes":""},"class_list":["post-3187","page","type-page","status-publish","hentry"],"_links":{"self":[{"href":"https:\/\/bluerina.com\/fr\/wp-json\/wp\/v2\/pages\/3187","targetHints":{"allow":["GET"]}}],"collection":[{"href":"https:\/\/bluerina.com\/fr\/wp-json\/wp\/v2\/pages"}],"about":[{"href":"https:\/\/bluerina.com\/fr\/wp-json\/wp\/v2\/types\/page"}],"author":[{"embeddable":true,"href":"https:\/\/bluerina.com\/fr\/wp-json\/wp\/v2\/users\/1"}],"replies":[{"embeddable":true,"href":"https:\/\/bluerina.com\/fr\/wp-json\/wp\/v2\/comments?post=3187"}],"version-history":[{"count":1,"href":"https:\/\/bluerina.com\/fr\/wp-json\/wp\/v2\/pages\/3187\/revisions"}],"predecessor-version":[{"id":6434,"href":"https:\/\/bluerina.com\/fr\/wp-json\/wp\/v2\/pages\/3187\/revisions\/6434"}],"wp:attachment":[{"href":"https:\/\/bluerina.com\/fr\/wp-json\/wp\/v2\/media?parent=3187"}],"curies":[{"name":"wp","href":"https:\/\/api.w.org\/{rel}","templated":true}]}}