{"id":3774,"date":"2025-08-13T07:31:14","date_gmt":"2025-08-13T07:31:14","guid":{"rendered":"https:\/\/bluerina.com\/?page_id=3774"},"modified":"2025-09-18T10:41:15","modified_gmt":"2025-09-18T10:41:15","slug":"disclaimer","status":"publish","type":"page","link":"https:\/\/bluerina.com\/fr\/disclaimer\/","title":{"rendered":"Clause de non-responsabilit\u00e9"},"content":{"rendered":"<div data-elementor-type=\"wp-page\" data-elementor-id=\"3774\" class=\"elementor elementor-3774\" data-elementor-post-type=\"page\">\n\t\t\t\t<div class=\"elementor-element elementor-element-b59c8f7 e-flex e-con-boxed e-con e-parent\" data-id=\"b59c8f7\" data-element_type=\"container\" data-settings=\"{&quot;background_background&quot;:&quot;classic&quot;}\">\n\t\t\t\t\t<div class=\"e-con-inner\">\n\t\t\t\t<div class=\"elementor-element elementor-element-724eb48 elementor-widget__width-initial elementor-widget-mobile__width-inherit elementor-widget elementor-widget-heading\" data-id=\"724eb48\" data-element_type=\"widget\" data-widget_type=\"heading.default\">\n\t\t\t\t\t<h2 class=\"elementor-heading-title elementor-size-default\">Clause de non-responsabilit\u00e9<\/h2>\t\t\t\t<\/div>\n\t\t\t\t\t<\/div>\n\t\t\t\t<\/div>\n\t\t<div class=\"elementor-element elementor-element-5fed5ec e-flex e-con-boxed e-con e-parent\" data-id=\"5fed5ec\" data-element_type=\"container\" data-settings=\"{&quot;background_background&quot;:&quot;classic&quot;}\">\n\t\t\t\t\t<div class=\"e-con-inner\">\n\t\t\t\t<div class=\"elementor-element elementor-element-2c1825b elementor-widget elementor-widget-heading\" data-id=\"2c1825b\" data-element_type=\"widget\" data-widget_type=\"heading.default\">\n\t\t\t\t\t<h2 class=\"elementor-heading-title elementor-size-default\">1. Informations g\u00e9n\u00e9rales<\/h2>\t\t\t\t<\/div>\n\t\t\t\t<div class=\"elementor-element elementor-element-ec01bf9 elementor-widget__width-inherit elementor-widget elementor-widget-text-editor\" data-id=\"ec01bf9\" data-element_type=\"widget\" data-widget_type=\"text-editor.default\">\n\t\t\t\t\t\t\t\t\t<p>Le contenu de ce site web est fourni \u00e0 titre d'information g\u00e9n\u00e9rale uniquement. Nous ne faisons aucune d\u00e9claration ni ne donnons aucune garantie, expresse ou implicite, quant \u00e0 l'exhaustivit\u00e9, l'exactitude, la fiabilit\u00e9 ou la disponibilit\u00e9 des informations.<\/p>\t\t\t\t\t\t\t\t<\/div>\n\t\t\t\t<div class=\"elementor-element elementor-element-c985abe elementor-widget elementor-widget-heading\" data-id=\"c985abe\" data-element_type=\"widget\" data-widget_type=\"heading.default\">\n\t\t\t\t\t<h2 class=\"elementor-heading-title elementor-size-default\">2. Absence de conseils professionnels\n<\/h2>\t\t\t\t<\/div>\n\t\t\t\t<div class=\"elementor-element elementor-element-c502c59 elementor-widget__width-inherit elementor-widget elementor-widget-text-editor\" data-id=\"c502c59\" data-element_type=\"widget\" data-widget_type=\"text-editor.default\">\n\t\t\t\t\t\t\t\t\t<p data-start=\"626\" data-end=\"874\">Les informations fournies ne constituent pas des conseils juridiques, financiers, m\u00e9dicaux ou professionnels. Vous devriez demander l'avis d'un professionnel avant de prendre une d\u00e9cision sur la base des informations contenues dans ce site.<\/p>\t\t\t\t\t\t\t\t<\/div>\n\t\t\t\t<div class=\"elementor-element elementor-element-8e114b6 elementor-widget elementor-widget-heading\" data-id=\"8e114b6\" data-element_type=\"widget\" data-widget_type=\"heading.default\">\n\t\t\t\t\t<h2 class=\"elementor-heading-title elementor-size-default\">3. Liens externes\n<\/h2>\t\t\t\t<\/div>\n\t\t\t\t<div class=\"elementor-element elementor-element-bf7a050 elementor-widget__width-inherit elementor-widget elementor-widget-text-editor\" data-id=\"bf7a050\" data-element_type=\"widget\" data-widget_type=\"text-editor.default\">\n\t\t\t\t\t\t\t\t\t<p data-start=\"876\" data-end=\"1052\">Notre site web peut contenir des liens vers des sites web de tiers. Nous ne sommes pas responsables du contenu, de l'exactitude ou des pratiques de confidentialit\u00e9 de ces sites externes.<\/p>\t\t\t\t\t\t\t\t<\/div>\n\t\t\t\t<div class=\"elementor-element elementor-element-06dd346 elementor-widget elementor-widget-heading\" data-id=\"06dd346\" data-element_type=\"widget\" data-widget_type=\"heading.default\">\n\t\t\t\t\t<h2 class=\"elementor-heading-title elementor-size-default\">4. Limitation de la responsabilit\u00e9\n<\/h2>\t\t\t\t<\/div>\n\t\t\t\t<div class=\"elementor-element elementor-element-d8ae06f elementor-widget__width-inherit elementor-widget elementor-widget-text-editor\" data-id=\"d8ae06f\" data-element_type=\"widget\" data-widget_type=\"text-editor.default\">\n\t\t\t\t\t\t\t\t\t<p data-start=\"1054\" data-end=\"1223\">Nous ne sommes pas responsables des pertes, dommages ou d\u00e9sagr\u00e9ments caus\u00e9s par la confiance accord\u00e9e aux informations fournies sur ce site.<\/p>\t\t\t\t\t\t\t\t<\/div>\n\t\t\t\t<div class=\"elementor-element elementor-element-81e8db5 elementor-widget elementor-widget-heading\" data-id=\"81e8db5\" data-element_type=\"widget\" data-widget_type=\"heading.default\">\n\t\t\t\t\t<h2 class=\"elementor-heading-title elementor-size-default\">5. Modifications de l'avis de non-responsabilit\u00e9\n<\/h2>\t\t\t\t<\/div>\n\t\t\t\t<div class=\"elementor-element elementor-element-b7317d5 elementor-widget__width-inherit elementor-widget elementor-widget-text-editor\" data-id=\"b7317d5\" data-element_type=\"widget\" data-widget_type=\"text-editor.default\">\n\t\t\t\t\t\t\t\t\t<p data-start=\"1225\" data-end=\"1441\">Nous pouvons mettre \u00e0 jour cette clause de non-responsabilit\u00e9 de temps \u00e0 autre sans pr\u00e9avis. En continuant \u00e0 utiliser le site apr\u00e8s la publication des modifications, vous acceptez la version r\u00e9vis\u00e9e de la clause de non-responsabilit\u00e9.<\/p>\t\t\t\t\t\t\t\t<\/div>\n\t\t\t\t<div class=\"elementor-element elementor-element-60e51c7 elementor-widget elementor-widget-heading\" data-id=\"60e51c7\" data-element_type=\"widget\" data-widget_type=\"heading.default\">\n\t\t\t\t\t<h2 class=\"elementor-heading-title elementor-size-default\">6. Votre responsabilit\u00e9\n<\/h2>\t\t\t\t<\/div>\n\t\t\t\t<div class=\"elementor-element elementor-element-accb151 elementor-widget__width-inherit elementor-widget elementor-widget-text-editor\" data-id=\"accb151\" data-element_type=\"widget\" data-widget_type=\"text-editor.default\">\n\t\t\t\t\t\t\t\t\t<p data-start=\"1443\" data-end=\"1626\">En utilisant ce site web, vous reconnaissez qu'il est de votre responsabilit\u00e9 de v\u00e9rifier toute information avant de vous y fier pour des d\u00e9cisions personnelles ou professionnelles.<\/p>\t\t\t\t\t\t\t\t<\/div>\n\t\t\t\t\t<\/div>\n\t\t\t\t<\/div>\n\t\t\t\t<\/div>","protected":false},"excerpt":{"rendered":"<p>Disclaimer 1. General Information The content provided on this website is for general informational purposes only. We make no representations or warranties of any kind, express or implied, about the completeness, accuracy, reliability, or availability of the information. 2. No Professional Advice Any information provided does not constitute legal, financial, medical, or professional advice. You [&hellip;]<\/p>","protected":false},"author":1,"featured_media":0,"parent":0,"menu_order":0,"comment_status":"closed","ping_status":"closed","template":"elementor_header_footer","meta":{"footnotes":""},"class_list":["post-3774","page","type-page","status-publish","hentry"],"_links":{"self":[{"href":"https:\/\/bluerina.com\/fr\/wp-json\/wp\/v2\/pages\/3774","targetHints":{"allow":["GET"]}}],"collection":[{"href":"https:\/\/bluerina.com\/fr\/wp-json\/wp\/v2\/pages"}],"about":[{"href":"https:\/\/bluerina.com\/fr\/wp-json\/wp\/v2\/types\/page"}],"author":[{"embeddable":true,"href":"https:\/\/bluerina.com\/fr\/wp-json\/wp\/v2\/users\/1"}],"replies":[{"embeddable":true,"href":"https:\/\/bluerina.com\/fr\/wp-json\/wp\/v2\/comments?post=3774"}],"version-history":[{"count":1,"href":"https:\/\/bluerina.com\/fr\/wp-json\/wp\/v2\/pages\/3774\/revisions"}],"predecessor-version":[{"id":6436,"href":"https:\/\/bluerina.com\/fr\/wp-json\/wp\/v2\/pages\/3774\/revisions\/6436"}],"wp:attachment":[{"href":"https:\/\/bluerina.com\/fr\/wp-json\/wp\/v2\/media?parent=3774"}],"curies":[{"name":"wp","href":"https:\/\/api.w.org\/{rel}","templated":true}]}}