{"id":3808,"date":"2025-08-13T07:37:23","date_gmt":"2025-08-13T07:37:23","guid":{"rendered":"https:\/\/bluerina.com\/?page_id=3808"},"modified":"2025-09-18T10:42:52","modified_gmt":"2025-09-18T10:42:52","slug":"terms-and-conditions","status":"publish","type":"page","link":"https:\/\/bluerina.com\/fr\/terms-and-conditions\/","title":{"rendered":"Conditions g\u00e9n\u00e9rales d'utilisation"},"content":{"rendered":"<div data-elementor-type=\"wp-page\" data-elementor-id=\"3808\" class=\"elementor elementor-3808\" data-elementor-post-type=\"page\">\n\t\t\t\t<div class=\"elementor-element elementor-element-b59c8f7 e-flex e-con-boxed e-con e-parent\" data-id=\"b59c8f7\" data-element_type=\"container\" data-settings=\"{&quot;background_background&quot;:&quot;classic&quot;}\">\n\t\t\t\t\t<div class=\"e-con-inner\">\n\t\t\t\t<div class=\"elementor-element elementor-element-724eb48 elementor-widget__width-initial elementor-widget-mobile__width-inherit elementor-widget elementor-widget-heading\" data-id=\"724eb48\" data-element_type=\"widget\" data-widget_type=\"heading.default\">\n\t\t\t\t\t<h2 class=\"elementor-heading-title elementor-size-default\">Conditions g\u00e9n\u00e9rales d'utilisation\n<\/h2>\t\t\t\t<\/div>\n\t\t\t\t\t<\/div>\n\t\t\t\t<\/div>\n\t\t<div class=\"elementor-element elementor-element-5fed5ec e-flex e-con-boxed e-con e-parent\" data-id=\"5fed5ec\" data-element_type=\"container\" data-settings=\"{&quot;background_background&quot;:&quot;classic&quot;}\">\n\t\t\t\t\t<div class=\"e-con-inner\">\n\t\t\t\t<div class=\"elementor-element elementor-element-2c1825b elementor-widget elementor-widget-heading\" data-id=\"2c1825b\" data-element_type=\"widget\" data-widget_type=\"heading.default\">\n\t\t\t\t\t<h2 class=\"elementor-heading-title elementor-size-default\">1. Acceptation des conditions\n<\/h2>\t\t\t\t<\/div>\n\t\t\t\t<div class=\"elementor-element elementor-element-ec01bf9 elementor-widget__width-inherit elementor-widget elementor-widget-text-editor\" data-id=\"ec01bf9\" data-element_type=\"widget\" data-widget_type=\"text-editor.default\">\n\t\t\t\t\t\t\t\t\t<p data-start=\"336\" data-end=\"478\">En utilisant notre site web ou nos services, vous confirmez que vous avez lu, compris et accept\u00e9 ces conditions dans leur int\u00e9gralit\u00e9.<\/p>\t\t\t\t\t\t\t\t<\/div>\n\t\t\t\t<div class=\"elementor-element elementor-element-c985abe elementor-widget elementor-widget-heading\" data-id=\"c985abe\" data-element_type=\"widget\" data-widget_type=\"heading.default\">\n\t\t\t\t\t<h2 class=\"elementor-heading-title elementor-size-default\">2. Utilisation du site web\n<\/h2>\t\t\t\t<\/div>\n\t\t\t\t<div class=\"elementor-element elementor-element-c502c59 elementor-widget__width-inherit elementor-widget elementor-widget-text-editor\" data-id=\"c502c59\" data-element_type=\"widget\" data-widget_type=\"text-editor.default\">\n\t\t\t\t\t\t\t\t\t<p data-start=\"480\" data-end=\"681\">Vous acceptez de n'utiliser notre site web qu'\u00e0 des fins l\u00e9gales et d'une mani\u00e8re qui ne porte pas atteinte aux droits de toute autre personne, ni ne restreint ou n'emp\u00eache l'utilisation du site web par une autre personne.<\/p>\t\t\t\t\t\t\t\t<\/div>\n\t\t\t\t<div class=\"elementor-element elementor-element-8e114b6 elementor-widget elementor-widget-heading\" data-id=\"8e114b6\" data-element_type=\"widget\" data-widget_type=\"heading.default\">\n\t\t\t\t\t<h2 class=\"elementor-heading-title elementor-size-default\">3. Droits de propri\u00e9t\u00e9 intellectuelle\n<\/h2>\t\t\t\t<\/div>\n\t\t\t\t<div class=\"elementor-element elementor-element-bf7a050 elementor-widget__width-inherit elementor-widget elementor-widget-text-editor\" data-id=\"bf7a050\" data-element_type=\"widget\" data-widget_type=\"text-editor.default\">\n\t\t\t\t\t\t\t\t\t<p data-start=\"683\" data-end=\"938\">L'ensemble du contenu, des marques, des logos et des autres \u00e9l\u00e9ments de propri\u00e9t\u00e9 intellectuelle affich\u00e9s sur ce site nous appartiennent ou nous sont conc\u00e9d\u00e9s sous licence. Il est interdit de reproduire, de distribuer ou d'utiliser de quelque mani\u00e8re que ce soit tout mat\u00e9riel sans notre autorisation \u00e9crite.<\/p>\t\t\t\t\t\t\t\t<\/div>\n\t\t\t\t<div class=\"elementor-element elementor-element-06dd346 elementor-widget elementor-widget-heading\" data-id=\"06dd346\" data-element_type=\"widget\" data-widget_type=\"heading.default\">\n\t\t\t\t\t<h2 class=\"elementor-heading-title elementor-size-default\">4. R\u00e9servations et paiements\n<\/h2>\t\t\t\t<\/div>\n\t\t\t\t<div class=\"elementor-element elementor-element-d8ae06f elementor-widget__width-inherit elementor-widget elementor-widget-text-editor\" data-id=\"d8ae06f\" data-element_type=\"widget\" data-widget_type=\"text-editor.default\">\n\t\t\t\t\t\t\t\t\t<p data-start=\"940\" data-end=\"1152\">Toutes les r\u00e9servations sont soumises \u00e0 disponibilit\u00e9 et \u00e0 confirmation. Les prix peuvent \u00eatre modifi\u00e9s sans pr\u00e9avis. Le paiement doit \u00eatre effectu\u00e9 en totalit\u00e9 au moment de la r\u00e9servation, sauf accord contraire.<\/p>\t\t\t\t\t\t\t\t<\/div>\n\t\t\t\t<div class=\"elementor-element elementor-element-81e8db5 elementor-widget elementor-widget-heading\" data-id=\"81e8db5\" data-element_type=\"widget\" data-widget_type=\"heading.default\">\n\t\t\t\t\t<h2 class=\"elementor-heading-title elementor-size-default\">5. Annulations et remboursements\n<\/h2>\t\t\t\t<\/div>\n\t\t\t\t<div class=\"elementor-element elementor-element-b7317d5 elementor-widget__width-inherit elementor-widget elementor-widget-text-editor\" data-id=\"b7317d5\" data-element_type=\"widget\" data-widget_type=\"text-editor.default\">\n\t\t\t\t\t\t\t\t\t<p data-start=\"1154\" data-end=\"1303\">Les annulations et les remboursements seront trait\u00e9s conform\u00e9ment \u00e0 notre politique de remboursement, qui fait partie int\u00e9grante des pr\u00e9sentes conditions.<\/p>\t\t\t\t\t\t\t\t<\/div>\n\t\t\t\t<div class=\"elementor-element elementor-element-60e51c7 elementor-widget elementor-widget-heading\" data-id=\"60e51c7\" data-element_type=\"widget\" data-widget_type=\"heading.default\">\n\t\t\t\t\t<h2 class=\"elementor-heading-title elementor-size-default\">6. Limitation de la responsabilit\u00e9\n<\/h2>\t\t\t\t<\/div>\n\t\t\t\t<div class=\"elementor-element elementor-element-accb151 elementor-widget__width-inherit elementor-widget elementor-widget-text-editor\" data-id=\"accb151\" data-element_type=\"widget\" data-widget_type=\"text-editor.default\">\n\t\t\t\t\t\t\t\t\t<p data-start=\"1305\" data-end=\"1466\">Nous ne sommes pas responsables des pertes, dommages ou blessures r\u00e9sultant de l'utilisation de notre site web ou de nos services, sauf si la loi l'exige.<\/p>\t\t\t\t\t\t\t\t<\/div>\n\t\t\t\t<div class=\"elementor-element elementor-element-3346efb elementor-widget elementor-widget-heading\" data-id=\"3346efb\" data-element_type=\"widget\" data-widget_type=\"heading.default\">\n\t\t\t\t\t<h2 class=\"elementor-heading-title elementor-size-default\">7. Liens externes\n<\/h2>\t\t\t\t<\/div>\n\t\t\t\t<div class=\"elementor-element elementor-element-4c51c67 elementor-widget__width-inherit elementor-widget elementor-widget-text-editor\" data-id=\"4c51c67\" data-element_type=\"widget\" data-widget_type=\"text-editor.default\">\n\t\t\t\t\t\t\t\t\t<p data-start=\"1468\" data-end=\"1636\">Notre site web peut contenir des liens vers des sites web de tiers. Nous ne sommes pas responsables du contenu, des politiques ou des pratiques de ces sites externes.<\/p>\t\t\t\t\t\t\t\t<\/div>\n\t\t\t\t<div class=\"elementor-element elementor-element-f968914 elementor-widget elementor-widget-heading\" data-id=\"f968914\" data-element_type=\"widget\" data-widget_type=\"heading.default\">\n\t\t\t\t\t<h2 class=\"elementor-heading-title elementor-size-default\">8. Droit applicable\n<\/h2>\t\t\t\t<\/div>\n\t\t\t\t<div class=\"elementor-element elementor-element-899581b elementor-widget__width-inherit elementor-widget elementor-widget-text-editor\" data-id=\"899581b\" data-element_type=\"widget\" data-widget_type=\"text-editor.default\">\n\t\t\t\t\t\t\t\t\t<p data-start=\"1638\" data-end=\"1837\">Les pr\u00e9sentes conditions sont r\u00e9gies et interpr\u00e9t\u00e9es conform\u00e9ment aux lois de <strong data-start=\"1734\" data-end=\"1758\">[Votre pays\/\u00e9tat]<\/strong>et vous acceptez la comp\u00e9tence exclusive des tribunaux de ce lieu.<\/p>\t\t\t\t\t\t\t\t<\/div>\n\t\t\t\t\t<\/div>\n\t\t\t\t<\/div>\n\t\t\t\t<\/div>","protected":false},"excerpt":{"rendered":"<p>Terms and Conditions 1. Acceptance of Terms By using our website or services, you confirm that you have read, understood, and agree to these Terms in full. 2. Use of Website You agree to use our website only for lawful purposes and in a manner that does not infringe on the rights of, restrict, or [&hellip;]<\/p>","protected":false},"author":1,"featured_media":0,"parent":0,"menu_order":0,"comment_status":"closed","ping_status":"closed","template":"elementor_header_footer","meta":{"footnotes":""},"class_list":["post-3808","page","type-page","status-publish","hentry"],"_links":{"self":[{"href":"https:\/\/bluerina.com\/fr\/wp-json\/wp\/v2\/pages\/3808","targetHints":{"allow":["GET"]}}],"collection":[{"href":"https:\/\/bluerina.com\/fr\/wp-json\/wp\/v2\/pages"}],"about":[{"href":"https:\/\/bluerina.com\/fr\/wp-json\/wp\/v2\/types\/page"}],"author":[{"embeddable":true,"href":"https:\/\/bluerina.com\/fr\/wp-json\/wp\/v2\/users\/1"}],"replies":[{"embeddable":true,"href":"https:\/\/bluerina.com\/fr\/wp-json\/wp\/v2\/comments?post=3808"}],"version-history":[{"count":1,"href":"https:\/\/bluerina.com\/fr\/wp-json\/wp\/v2\/pages\/3808\/revisions"}],"predecessor-version":[{"id":6437,"href":"https:\/\/bluerina.com\/fr\/wp-json\/wp\/v2\/pages\/3808\/revisions\/6437"}],"wp:attachment":[{"href":"https:\/\/bluerina.com\/fr\/wp-json\/wp\/v2\/media?parent=3808"}],"curies":[{"name":"wp","href":"https:\/\/api.w.org\/{rel}","templated":true}]}}