{"id":3808,"date":"2025-08-13T07:37:23","date_gmt":"2025-08-13T07:37:23","guid":{"rendered":"https:\/\/bluerina.com\/?page_id=3808"},"modified":"2025-09-18T10:42:52","modified_gmt":"2025-09-18T10:42:52","slug":"terms-and-conditions","status":"publish","type":"page","link":"https:\/\/bluerina.com\/it\/terms-and-conditions\/","title":{"rendered":"Termini e condizioni"},"content":{"rendered":"<div data-elementor-type=\"wp-page\" data-elementor-id=\"3808\" class=\"elementor elementor-3808\" data-elementor-post-type=\"page\">\n\t\t\t\t<div class=\"elementor-element elementor-element-b59c8f7 e-flex e-con-boxed e-con e-parent\" data-id=\"b59c8f7\" data-element_type=\"container\" data-settings=\"{&quot;background_background&quot;:&quot;classic&quot;}\">\n\t\t\t\t\t<div class=\"e-con-inner\">\n\t\t\t\t<div class=\"elementor-element elementor-element-724eb48 elementor-widget__width-initial elementor-widget-mobile__width-inherit elementor-widget elementor-widget-heading\" data-id=\"724eb48\" data-element_type=\"widget\" data-widget_type=\"heading.default\">\n\t\t\t\t\t<h2 class=\"elementor-heading-title elementor-size-default\">Termini e condizioni\n<\/h2>\t\t\t\t<\/div>\n\t\t\t\t\t<\/div>\n\t\t\t\t<\/div>\n\t\t<div class=\"elementor-element elementor-element-5fed5ec e-flex e-con-boxed e-con e-parent\" data-id=\"5fed5ec\" data-element_type=\"container\" data-settings=\"{&quot;background_background&quot;:&quot;classic&quot;}\">\n\t\t\t\t\t<div class=\"e-con-inner\">\n\t\t\t\t<div class=\"elementor-element elementor-element-2c1825b elementor-widget elementor-widget-heading\" data-id=\"2c1825b\" data-element_type=\"widget\" data-widget_type=\"heading.default\">\n\t\t\t\t\t<h2 class=\"elementor-heading-title elementor-size-default\">1. Accettazione dei termini\n<\/h2>\t\t\t\t<\/div>\n\t\t\t\t<div class=\"elementor-element elementor-element-ec01bf9 elementor-widget__width-inherit elementor-widget elementor-widget-text-editor\" data-id=\"ec01bf9\" data-element_type=\"widget\" data-widget_type=\"text-editor.default\">\n\t\t\t\t\t\t\t\t\t<p data-start=\"336\" data-end=\"478\">Utilizzando il nostro sito web o i nostri servizi, l'utente conferma di aver letto, compreso e accettato integralmente le presenti Condizioni.<\/p>\t\t\t\t\t\t\t\t<\/div>\n\t\t\t\t<div class=\"elementor-element elementor-element-c985abe elementor-widget elementor-widget-heading\" data-id=\"c985abe\" data-element_type=\"widget\" data-widget_type=\"heading.default\">\n\t\t\t\t\t<h2 class=\"elementor-heading-title elementor-size-default\">2. Utilizzo del sito web\n<\/h2>\t\t\t\t<\/div>\n\t\t\t\t<div class=\"elementor-element elementor-element-c502c59 elementor-widget__width-inherit elementor-widget elementor-widget-text-editor\" data-id=\"c502c59\" data-element_type=\"widget\" data-widget_type=\"text-editor.default\">\n\t\t\t\t\t\t\t\t\t<p data-start=\"480\" data-end=\"681\">L'utente accetta di utilizzare il nostro sito web solo per scopi leciti e in modo da non violare i diritti di, limitare o inibire l'uso del sito web da parte di qualsiasi altra persona.<\/p>\t\t\t\t\t\t\t\t<\/div>\n\t\t\t\t<div class=\"elementor-element elementor-element-8e114b6 elementor-widget elementor-widget-heading\" data-id=\"8e114b6\" data-element_type=\"widget\" data-widget_type=\"heading.default\">\n\t\t\t\t\t<h2 class=\"elementor-heading-title elementor-size-default\">3. Diritti di propriet\u00e0 intellettuale\n<\/h2>\t\t\t\t<\/div>\n\t\t\t\t<div class=\"elementor-element elementor-element-bf7a050 elementor-widget__width-inherit elementor-widget elementor-widget-text-editor\" data-id=\"bf7a050\" data-element_type=\"widget\" data-widget_type=\"text-editor.default\">\n\t\t\t\t\t\t\t\t\t<p data-start=\"683\" data-end=\"938\">Tutti i contenuti, i marchi, i loghi e le altre propriet\u00e0 intellettuali presenti in questo sito sono di nostra propriet\u00e0 o concessi in licenza. Non \u00e8 consentito riprodurre, distribuire o utilizzare in altro modo qualsiasi materiale senza il nostro permesso scritto.<\/p>\t\t\t\t\t\t\t\t<\/div>\n\t\t\t\t<div class=\"elementor-element elementor-element-06dd346 elementor-widget elementor-widget-heading\" data-id=\"06dd346\" data-element_type=\"widget\" data-widget_type=\"heading.default\">\n\t\t\t\t\t<h2 class=\"elementor-heading-title elementor-size-default\">4. Prenotazione e pagamenti\n<\/h2>\t\t\t\t<\/div>\n\t\t\t\t<div class=\"elementor-element elementor-element-d8ae06f elementor-widget__width-inherit elementor-widget elementor-widget-text-editor\" data-id=\"d8ae06f\" data-element_type=\"widget\" data-widget_type=\"text-editor.default\">\n\t\t\t\t\t\t\t\t\t<p data-start=\"940\" data-end=\"1152\">Tutte le prenotazioni sono soggette a disponibilit\u00e0 e conferma. I prezzi sono soggetti a modifiche senza preavviso. Il pagamento deve essere effettuato per intero al momento della prenotazione, se non diversamente concordato.<\/p>\t\t\t\t\t\t\t\t<\/div>\n\t\t\t\t<div class=\"elementor-element elementor-element-81e8db5 elementor-widget elementor-widget-heading\" data-id=\"81e8db5\" data-element_type=\"widget\" data-widget_type=\"heading.default\">\n\t\t\t\t\t<h2 class=\"elementor-heading-title elementor-size-default\">5. Cancellazioni e rimborsi\n<\/h2>\t\t\t\t<\/div>\n\t\t\t\t<div class=\"elementor-element elementor-element-b7317d5 elementor-widget__width-inherit elementor-widget elementor-widget-text-editor\" data-id=\"b7317d5\" data-element_type=\"widget\" data-widget_type=\"text-editor.default\">\n\t\t\t\t\t\t\t\t\t<p data-start=\"1154\" data-end=\"1303\">Le cancellazioni e i rimborsi saranno gestiti in conformit\u00e0 con la nostra Politica dei rimborsi, che fa parte dei presenti Termini.<\/p>\t\t\t\t\t\t\t\t<\/div>\n\t\t\t\t<div class=\"elementor-element elementor-element-60e51c7 elementor-widget elementor-widget-heading\" data-id=\"60e51c7\" data-element_type=\"widget\" data-widget_type=\"heading.default\">\n\t\t\t\t\t<h2 class=\"elementor-heading-title elementor-size-default\">6. Limitazione di responsabilit\u00e0\n<\/h2>\t\t\t\t<\/div>\n\t\t\t\t<div class=\"elementor-element elementor-element-accb151 elementor-widget__width-inherit elementor-widget elementor-widget-text-editor\" data-id=\"accb151\" data-element_type=\"widget\" data-widget_type=\"text-editor.default\">\n\t\t\t\t\t\t\t\t\t<p data-start=\"1305\" data-end=\"1466\">Non siamo responsabili di alcuna perdita, danno o lesione derivante dall'uso del nostro sito web o dei nostri servizi, ad eccezione di quanto previsto dalla legge.<\/p>\t\t\t\t\t\t\t\t<\/div>\n\t\t\t\t<div class=\"elementor-element elementor-element-3346efb elementor-widget elementor-widget-heading\" data-id=\"3346efb\" data-element_type=\"widget\" data-widget_type=\"heading.default\">\n\t\t\t\t\t<h2 class=\"elementor-heading-title elementor-size-default\">7. Collegamenti esterni\n<\/h2>\t\t\t\t<\/div>\n\t\t\t\t<div class=\"elementor-element elementor-element-4c51c67 elementor-widget__width-inherit elementor-widget elementor-widget-text-editor\" data-id=\"4c51c67\" data-element_type=\"widget\" data-widget_type=\"text-editor.default\">\n\t\t\t\t\t\t\t\t\t<p data-start=\"1468\" data-end=\"1636\">Il nostro sito web pu\u00f2 contenere link a siti web di terzi. Non siamo responsabili del contenuto, delle politiche o delle pratiche di questi siti esterni.<\/p>\t\t\t\t\t\t\t\t<\/div>\n\t\t\t\t<div class=\"elementor-element elementor-element-f968914 elementor-widget elementor-widget-heading\" data-id=\"f968914\" data-element_type=\"widget\" data-widget_type=\"heading.default\">\n\t\t\t\t\t<h2 class=\"elementor-heading-title elementor-size-default\">8. Legge applicabile\n<\/h2>\t\t\t\t<\/div>\n\t\t\t\t<div class=\"elementor-element elementor-element-899581b elementor-widget__width-inherit elementor-widget elementor-widget-text-editor\" data-id=\"899581b\" data-element_type=\"widget\" data-widget_type=\"text-editor.default\">\n\t\t\t\t\t\t\t\t\t<p data-start=\"1638\" data-end=\"1837\">Le presenti Condizioni sono disciplinate e interpretate in conformit\u00e0 alle leggi di <strong data-start=\"1734\" data-end=\"1758\">[Paese\/Stato]<\/strong>e l'utente accetta la giurisdizione esclusiva dei tribunali di tale localit\u00e0.<\/p>\t\t\t\t\t\t\t\t<\/div>\n\t\t\t\t\t<\/div>\n\t\t\t\t<\/div>\n\t\t\t\t<\/div>","protected":false},"excerpt":{"rendered":"<p>Terms and Conditions 1. Acceptance of Terms By using our website or services, you confirm that you have read, understood, and agree to these Terms in full. 2. Use of Website You agree to use our website only for lawful purposes and in a manner that does not infringe on the rights of, restrict, or [&hellip;]<\/p>","protected":false},"author":1,"featured_media":0,"parent":0,"menu_order":0,"comment_status":"closed","ping_status":"closed","template":"elementor_header_footer","meta":{"footnotes":""},"class_list":["post-3808","page","type-page","status-publish","hentry"],"_links":{"self":[{"href":"https:\/\/bluerina.com\/it\/wp-json\/wp\/v2\/pages\/3808","targetHints":{"allow":["GET"]}}],"collection":[{"href":"https:\/\/bluerina.com\/it\/wp-json\/wp\/v2\/pages"}],"about":[{"href":"https:\/\/bluerina.com\/it\/wp-json\/wp\/v2\/types\/page"}],"author":[{"embeddable":true,"href":"https:\/\/bluerina.com\/it\/wp-json\/wp\/v2\/users\/1"}],"replies":[{"embeddable":true,"href":"https:\/\/bluerina.com\/it\/wp-json\/wp\/v2\/comments?post=3808"}],"version-history":[{"count":1,"href":"https:\/\/bluerina.com\/it\/wp-json\/wp\/v2\/pages\/3808\/revisions"}],"predecessor-version":[{"id":6437,"href":"https:\/\/bluerina.com\/it\/wp-json\/wp\/v2\/pages\/3808\/revisions\/6437"}],"wp:attachment":[{"href":"https:\/\/bluerina.com\/it\/wp-json\/wp\/v2\/media?parent=3808"}],"curies":[{"name":"wp","href":"https:\/\/api.w.org\/{rel}","templated":true}]}}